{"id":2323,"date":"2025-08-29T10:19:24","date_gmt":"2025-08-29T10:19:24","guid":{"rendered":"https:\/\/soymanuelatravel.com\/home-2\/"},"modified":"2025-11-03T18:59:30","modified_gmt":"2025-11-03T18:59:30","slug":"home-2","status":"publish","type":"page","link":"https:\/\/soymanuelatravel.com\/es\/","title":{"rendered":"Home"},"content":{"rendered":"<div data-elementor-type=\"wp-page\" data-elementor-id=\"2323\" class=\"elementor elementor-2323\">\n\t\t\t\t<div class=\"elementor-element elementor-element-da67e6e e-flex e-con-boxed e-con e-parent\" data-id=\"da67e6e\" data-element_type=\"container\" data-settings=\"{&quot;background_background&quot;:&quot;classic&quot;}\">\n\t\t\t\t\t<div class=\"e-con-inner\">\n\t\t\t\t<div class=\"elementor-element elementor-element-d7f3146 elementor-widget elementor-widget-text-editor\" data-id=\"d7f3146\" data-element_type=\"widget\" data-widget_type=\"text-editor.default\">\n\t\t\t\t<div class=\"elementor-widget-container\">\n\t\t\t\t\t\t\t\t\t<h1 style=\" color: #ffffff; font-weight: 700; font-style: normal; text-align: left; padding-left: 60px; line-height: 1.2; \"><br><\/h1><h1 style=\" color: #ffffff; font-weight: 700; font-style: normal; text-align: left; padding-left: 60px; line-height: 1.2; \"><br><\/h1><h1 style=\" color: #ffffff; font-weight: 700; font-style: normal; text-align: left; padding-left: 60px; line-height: 1.2; \"><br><\/h1><h1 style=\" color: #ffffff; font-weight: 700; font-style: normal; text-align: left; padding-left: 60px; line-height: 1.2; \"><br><\/h1><h1 style=\" color: #ffffff; font-weight: 700; font-style: normal; text-align: left; padding-left: 60px; line-height: 1.2; \">\n  Viajar sola. Vivir lo real.<br>\n<\/h1>\t\t\t\t\t\t\t\t<\/div>\n\t\t\t\t<\/div>\n\t\t\t\t\t<\/div>\n\t\t\t\t<\/div>\n\t\t<div class=\"elementor-element elementor-element-aa1e63b e-con-full e-flex e-con e-parent\" data-id=\"aa1e63b\" data-element_type=\"container\" data-settings=\"{&quot;background_background&quot;:&quot;gradient&quot;}\">\n\t\t<div class=\"elementor-element elementor-element-ab12eb3 e-flex e-con-boxed e-con e-child\" data-id=\"ab12eb3\" data-element_type=\"container\">\n\t\t\t\t\t<div class=\"e-con-inner\">\n\t\t\t\t<div class=\"elementor-element elementor-element-e65bd78 elementor-widget elementor-widget-text-editor\" data-id=\"e65bd78\" data-element_type=\"widget\" data-widget_type=\"text-editor.default\">\n\t\t\t\t<div class=\"elementor-widget-container\">\n\t\t\t\t\t\t\t\t\t<div style=\"background-color: #f5f5f5; color: #111; text-align: left; padding: 120px 30px;\"><p style=\"font-size: 1.2rem; margin-bottom: 30px;\">Tu blog de viajes \u2013 experiencias reales, viajes en solitario y historias coloridas de Latinoam\u00e9rica y del mundo.<\/p><div style=\"display: flex; gap: 20px;\"><a style=\"padding: 10px 20px; background-color: #fff; color: #111; border: 1px solid #333; border-radius: 5px; text-decoration: none;\" href=\"#blog\">Ver las \u00faltimas entradas<\/a> <a style=\"padding: 10px 20px; background-color: #111; color: #fff; border: 1px solid #333; border-radius: 5px; text-decoration: none;\" href=\"\/es\/about\/\">Sobre m\u00ed\u00a0<\/a><\/div><\/div>\t\t\t\t\t\t\t\t<\/div>\n\t\t\t\t<\/div>\n\t\t\t\t<div class=\"elementor-element elementor-element-8f6c450 elementor-widget elementor-widget-text-editor\" data-id=\"8f6c450\" data-element_type=\"widget\" data-widget_type=\"text-editor.default\">\n\t\t\t\t<div class=\"elementor-widget-container\">\n\t\t\t\t\t\t\t\t\t<div style=\"display: flex; flex-wrap: wrap; align-items: center; gap: 40px; padding: 60px 30px; background-color: #f9f9f9;\"><p><img fetchpriority=\"high\" decoding=\"async\" class=\"alignnone wp-image-2396 size-medium\" src=\"https:\/\/soymanuelatravel.com\/wp-content\/uploads\/2025\/08\/IMG_20240506_131039_149-e1761244664801-278x300.jpg\" alt=\"Manuela Spanien\" width=\"278\" height=\"300\" srcset=\"https:\/\/soymanuelatravel.com\/wp-content\/uploads\/2025\/08\/IMG_20240506_131039_149-e1761244664801-278x300.jpg 278w, https:\/\/soymanuelatravel.com\/wp-content\/uploads\/2025\/08\/IMG_20240506_131039_149-e1761244664801-948x1024.jpg 948w, https:\/\/soymanuelatravel.com\/wp-content\/uploads\/2025\/08\/IMG_20240506_131039_149-e1761244664801-768x830.jpg 768w, https:\/\/soymanuelatravel.com\/wp-content\/uploads\/2025\/08\/IMG_20240506_131039_149-e1761244664801-1422x1536.jpg 1422w, https:\/\/soymanuelatravel.com\/wp-content\/uploads\/2025\/08\/IMG_20240506_131039_149-e1761244664801.jpg 1490w\" sizes=\"(max-width: 278px) 100vw, 278px\" \/><\/p><p><!-- Text --><\/p><div style=\"flex: 2 1 400px;\"><h3 style=\"margin-bottom: 20px;\">Breve sobre m\u00ed<\/h3><p class=\"translation-block\">\u00a1Hola! Soy Manuela, suiza y creadora de contenido.\nMe encanta viajar sola, descubrir playas, surfear y vivir aventuras en bus por los destinos locales.\nEn SoyManuelaTravel comparto consejos reales, costos, rutas y videos,\npara que tus viajes sean m\u00e1s sencillos y llenos de diversi\u00f3n.<\/p><\/div><\/div>\t\t\t\t\t\t\t\t<\/div>\n\t\t\t\t<\/div>\n\t\t\t\t\t<\/div>\n\t\t\t\t<\/div>\n\t\t\t\t<\/div>\n\t\t<div class=\"elementor-element elementor-element-3c54e83 e-flex e-con-boxed e-con e-parent\" data-id=\"3c54e83\" data-element_type=\"container\">\n\t\t\t\t\t<div class=\"e-con-inner\">\n\t\t\t\t<div class=\"elementor-element elementor-element-1784d35 elementor-grid-eael-col-4 elementor-grid-tablet-eael-col-2 elementor-grid-mobile-eael-col-1 elementor-widget elementor-widget-eael-post-grid\" data-id=\"1784d35\" data-element_type=\"widget\" id=\"blog\" data-settings=\"{&quot;eael_post_grid_columns&quot;:&quot;eael-col-4&quot;,&quot;eael_post_grid_columns_tablet&quot;:&quot;eael-col-2&quot;,&quot;eael_post_grid_columns_mobile&quot;:&quot;eael-col-1&quot;}\" data-widget_type=\"eael-post-grid.default\">\n\t\t\t\t<div class=\"elementor-widget-container\">\n\t\t\t\t\t<div id=\"eael-post-grid-1784d35\" class=\"eael-post-grid-container\">\n            <div class=\"eael-post-grid eael-post-appender eael-post-appender-1784d35 eael-post-grid-style-two\" data-layout-mode=\"masonry\"><article class=\"eael-grid-post eael-post-grid-column\" data-id=\"2683\">\n    <div class=\"eael-grid-post-holder\">\n        <div class=\"eael-grid-post-holder-inner\"><div class=\"eael-entry-media\"><div class=\"eael-entry-overlay fade-in\"><i class=\"fas fa-long-arrow-alt-right\" aria-hidden=\"true\"><\/i><a href=\"https:\/\/soymanuelatravel.com\/es\/buenos-aires-reise\/\"><\/a><\/div><div class=\"eael-entry-thumbnail\">\n                            <img decoding=\"async\" width=\"1024\" height=\"538\" src=\"https:\/\/soymanuelatravel.com\/wp-content\/uploads\/2025\/09\/IMG-20250101-WA0056-e1760715324214-1024x538.jpg\" class=\"attachment-large size-large wp-image-2570\" alt=\"Bild Buenos Aires\" srcset=\"https:\/\/soymanuelatravel.com\/wp-content\/uploads\/2025\/09\/IMG-20250101-WA0056-e1760715324214-1024x538.jpg 1024w, https:\/\/soymanuelatravel.com\/wp-content\/uploads\/2025\/09\/IMG-20250101-WA0056-e1760715324214-300x158.jpg 300w, https:\/\/soymanuelatravel.com\/wp-content\/uploads\/2025\/09\/IMG-20250101-WA0056-e1760715324214-768x403.jpg 768w, https:\/\/soymanuelatravel.com\/wp-content\/uploads\/2025\/09\/IMG-20250101-WA0056-e1760715324214.jpg 1200w\" sizes=\"(max-width: 1024px) 100vw, 1024px\" \/>\n                            <\/div>\n                    <\/div><div class=\"eael-entry-wrapper\"><header class=\"eael-entry-header\"><h3 class=\"eael-entry-title\"><a class=\"eael-grid-post-link\" href=\"https:\/\/soymanuelatravel.com\/es\/buenos-aires-reise\/\" title=\"Buenos Aires \u2013 dando comienzo a mi viaje de 6 meses\">Buenos Aires \u2013 dando comienzo a mi viaje de 6 meses<\/a><\/h3><\/header><div class=\"eael-entry-content\">\n                                <div class=\"eael-grid-post-excerpt\"><p>Buenos Aires \u2013 el comienzo de mi viaje de 6 meses. Cuando yo\u2026<\/p><a href=\"https:\/\/soymanuelatravel.com\/es\/buenos-aires-reise\/\" class=\"eael-post-elements-readmore-btn\">Read More<\/a><\/div>\n                            <\/div><div class=\"eael-entry-header-after style-two\"><div class=\"eael-entry-meta\"><span class=\"eael-meta-posted-on\"><i class=\"far fa-clock\"><\/i><time datetime=\"1. octubre 2025\">1. octubre 2025<\/time><\/span><\/div><\/div><\/div><\/div>\n    <\/div>\n<\/article><article class=\"eael-grid-post eael-post-grid-column\" data-id=\"2760\">\n    <div class=\"eael-grid-post-holder\">\n        <div class=\"eael-grid-post-holder-inner\"><div class=\"eael-entry-media\"><div class=\"eael-entry-overlay fade-in\"><i class=\"fas fa-long-arrow-alt-right\" aria-hidden=\"true\"><\/i><a href=\"https:\/\/soymanuelatravel.com\/es\/surfen-argentinien-mirmar-quequen\/\"><\/a><\/div><div class=\"eael-entry-thumbnail\">\n                            <img decoding=\"async\" width=\"1024\" height=\"538\" src=\"https:\/\/soymanuelatravel.com\/wp-content\/uploads\/2025\/08\/Quequen-e1760715150754-1024x538.jpg\" class=\"attachment-large size-large wp-image-2587\" alt=\"Bild Quequen\" srcset=\"https:\/\/soymanuelatravel.com\/wp-content\/uploads\/2025\/08\/Quequen-e1760715150754-1024x538.jpg 1024w, https:\/\/soymanuelatravel.com\/wp-content\/uploads\/2025\/08\/Quequen-e1760715150754-300x158.jpg 300w, https:\/\/soymanuelatravel.com\/wp-content\/uploads\/2025\/08\/Quequen-e1760715150754-768x403.jpg 768w, https:\/\/soymanuelatravel.com\/wp-content\/uploads\/2025\/08\/Quequen-e1760715150754.jpg 1200w\" sizes=\"(max-width: 1024px) 100vw, 1024px\" \/>\n                            <\/div>\n                    <\/div><div class=\"eael-entry-wrapper\"><header class=\"eael-entry-header\"><h3 class=\"eael-entry-title\"><a class=\"eael-grid-post-link\" href=\"https:\/\/soymanuelatravel.com\/es\/surfen-argentinien-mirmar-quequen\/\" title=\"Surfen in Argentinien \u2013 Mein Surftrip nach Mar del Plata, Miramar &amp; Quequ\u00e9n\">Surf en Argentina \u2013 Mi viaje de surf por Mar del Plata, Miramar y Quequ\u00e9n<\/a><\/h3><\/header><div class=\"eael-entry-content\">\n                                <div class=\"eael-grid-post-excerpt\"><p>Despu\u00e9s de mis emocionantes primeros d\u00edas en Buenos Aires, sent\u00ed<\/p><a href=\"https:\/\/soymanuelatravel.com\/es\/surfen-argentinien-mirmar-quequen\/\" class=\"eael-post-elements-readmore-btn\">Read More<\/a><\/div>\n                            <\/div><div class=\"eael-entry-header-after style-two\"><div class=\"eael-entry-meta\"><span class=\"eael-meta-posted-on\"><i class=\"far fa-clock\"><\/i><time datetime=\"3. octubre 2025\">3. octubre 2025<\/time><\/span><\/div><\/div><\/div><\/div>\n    <\/div>\n<\/article><article class=\"eael-grid-post eael-post-grid-column\" data-id=\"2690\">\n    <div class=\"eael-grid-post-holder\">\n        <div class=\"eael-grid-post-holder-inner\"><div class=\"eael-entry-media\"><div class=\"eael-entry-overlay fade-in\"><i class=\"fas fa-long-arrow-alt-right\" aria-hidden=\"true\"><\/i><a href=\"https:\/\/soymanuelatravel.com\/es\/wandern-in-bariloche-patagonien\/\"><\/a><\/div><div class=\"eael-entry-thumbnail\">\n                            <img loading=\"lazy\" decoding=\"async\" width=\"1024\" height=\"537\" src=\"https:\/\/soymanuelatravel.com\/wp-content\/uploads\/2025\/08\/20250119_125634-scaled-e1760715019306-1024x537.jpg\" class=\"attachment-large size-large wp-image-2629\" alt=\"Bild Refugio Frey\" srcset=\"https:\/\/soymanuelatravel.com\/wp-content\/uploads\/2025\/08\/20250119_125634-scaled-e1760715019306-1024x537.jpg 1024w, https:\/\/soymanuelatravel.com\/wp-content\/uploads\/2025\/08\/20250119_125634-scaled-e1760715019306-300x157.jpg 300w, https:\/\/soymanuelatravel.com\/wp-content\/uploads\/2025\/08\/20250119_125634-scaled-e1760715019306-768x403.jpg 768w, https:\/\/soymanuelatravel.com\/wp-content\/uploads\/2025\/08\/20250119_125634-scaled-e1760715019306.jpg 1440w\" sizes=\"(max-width: 1024px) 100vw, 1024px\" \/>\n                            <\/div>\n                    <\/div><div class=\"eael-entry-wrapper\"><header class=\"eael-entry-header\"><h3 class=\"eael-entry-title\"><a class=\"eael-grid-post-link\" href=\"https:\/\/soymanuelatravel.com\/es\/wandern-in-bariloche-patagonien\/\" title=\"Caminatas en Bariloche: monta\u00f1as y lagos\">Caminatas en Bariloche: monta\u00f1as y lagos<\/a><\/h3><\/header><div class=\"eael-entry-content\">\n                                <div class=\"eael-grid-post-excerpt\"><p>Caminatas en Bariloche: monta\u00f1as y lagos<\/p><a href=\"https:\/\/soymanuelatravel.com\/es\/wandern-in-bariloche-patagonien\/\" class=\"eael-post-elements-readmore-btn\">Read More<\/a><\/div>\n                            <\/div><div class=\"eael-entry-header-after style-two\"><div class=\"eael-entry-meta\"><span class=\"eael-meta-posted-on\"><i class=\"far fa-clock\"><\/i><time datetime=\"5. octubre 2025\">5. octubre 2025<\/time><\/span><\/div><\/div><\/div><\/div>\n    <\/div>\n<\/article><article class=\"eael-grid-post eael-post-grid-column\" data-id=\"2692\">\n    <div class=\"eael-grid-post-holder\">\n        <div class=\"eael-grid-post-holder-inner\"><div class=\"eael-entry-media\"><div class=\"eael-entry-overlay fade-in\"><i class=\"fas fa-long-arrow-alt-right\" aria-hidden=\"true\"><\/i><a href=\"https:\/\/soymanuelatravel.com\/es\/lima-reise-erste-eindruecke\/\"><\/a><\/div><div class=\"eael-entry-thumbnail\">\n                            <img loading=\"lazy\" decoding=\"async\" width=\"1024\" height=\"537\" src=\"https:\/\/soymanuelatravel.com\/wp-content\/uploads\/2025\/10\/20250129_095047-scaled-e1760714800353-1024x537.jpg\" class=\"attachment-large size-large wp-image-2693\" alt=\"Lima Bild\" srcset=\"https:\/\/soymanuelatravel.com\/wp-content\/uploads\/2025\/10\/20250129_095047-scaled-e1760714800353-1024x537.jpg 1024w, https:\/\/soymanuelatravel.com\/wp-content\/uploads\/2025\/10\/20250129_095047-scaled-e1760714800353-300x157.jpg 300w, https:\/\/soymanuelatravel.com\/wp-content\/uploads\/2025\/10\/20250129_095047-scaled-e1760714800353-768x403.jpg 768w, https:\/\/soymanuelatravel.com\/wp-content\/uploads\/2025\/10\/20250129_095047-scaled-e1760714800353.jpg 1440w\" sizes=\"(max-width: 1024px) 100vw, 1024px\" \/>\n                            <\/div>\n                    <\/div><div class=\"eael-entry-wrapper\"><header class=\"eael-entry-header\"><h3 class=\"eael-entry-title\"><a class=\"eael-grid-post-link\" href=\"https:\/\/soymanuelatravel.com\/es\/lima-reise-erste-eindruecke\/\" title=\"Lima: mis primeras impresiones del Per\u00fa\">Lima: mis primeras impresiones del Per\u00fa<\/a><\/h3><\/header><div class=\"eael-entry-content\">\n                                <div class=\"eael-grid-post-excerpt\"><p>Lima: mis primeras impresiones del Per\u00fa<\/p><a href=\"https:\/\/soymanuelatravel.com\/es\/lima-reise-erste-eindruecke\/\" class=\"eael-post-elements-readmore-btn\">Read More<\/a><\/div>\n                            <\/div><div class=\"eael-entry-header-after style-two\"><div class=\"eael-entry-meta\"><span class=\"eael-meta-posted-on\"><i class=\"far fa-clock\"><\/i><time datetime=\"5. octubre 2025\">5. octubre 2025<\/time><\/span><\/div><\/div><\/div><\/div>\n    <\/div>\n<\/article><\/div>\n            <div class=\"clearfix\"><\/div>\n        <\/div>\t\t\t\t<\/div>\n\t\t\t\t<\/div>\n\t\t\t\t\t<\/div>\n\t\t\t\t<\/div>\n\t\t\t\t<\/div>","protected":false},"excerpt":{"rendered":"<p>Solo reisen. Echt erleben. Dein Reiseblog \u2013 echte Erfahrungen, Solo\u2011Travel und farbenfrohe Geschichten aus Lateinamerika &amp; der Welt. Zu den neuesten Beitr\u00e4gen \u00dcber mich\u00a0 Kurz \u00fcber mich Hi, ich bin Manuela \u2013 Schweizerin, Content-Creatorin.Ich reise solo, liebe Str\u00e4nde, Surfen und lokale Busabenteuer.Auf SoyManuelaTravel bekommst du ehrliche Tipps, Kosten\u00fcbersichten, Routen und Videos \u2013damit deine Reise einfacher [&hellip;]<\/p>","protected":false},"author":1,"featured_media":0,"parent":0,"menu_order":0,"comment_status":"closed","ping_status":"closed","template":"","meta":{"_eb_attr":"","_uag_custom_page_level_css":"","site-sidebar-layout":"no-sidebar","site-content-layout":"plain-container","ast-site-content-layout":"normal-width-container","site-content-style":"unboxed","site-sidebar-style":"unboxed","ast-global-header-display":"","ast-banner-title-visibility":"","ast-main-header-display":"","ast-hfb-above-header-display":"","ast-hfb-below-header-display":"","ast-hfb-mobile-header-display":"","site-post-title":"disabled","ast-breadcrumbs-content":"","ast-featured-img":"disabled","footer-sml-layout":"","theme-transparent-header-meta":"default","adv-header-id-meta":"","stick-header-meta":"","header-above-stick-meta":"","header-main-stick-meta":"","header-below-stick-meta":"","astra-migrate-meta-layouts":"set","ast-page-background-enabled":"default","ast-page-background-meta":{"desktop":{"background-color":"","background-image":"","background-repeat":"repeat","background-position":"center center","background-size":"auto","background-attachment":"scroll","background-type":"","background-media":"","overlay-type":"","overlay-color":"","overlay-opacity":"","overlay-gradient":""},"tablet":{"background-color":"","background-image":"","background-repeat":"repeat","background-position":"center center","background-size":"auto","background-attachment":"scroll","background-type":"","background-media":"","overlay-type":"","overlay-color":"","overlay-opacity":"","overlay-gradient":""},"mobile":{"background-color":"","background-image":"","background-repeat":"repeat","background-position":"center center","background-size":"auto","background-attachment":"scroll","background-type":"","background-media":"","overlay-type":"","overlay-color":"","overlay-opacity":"","overlay-gradient":""}},"ast-content-background-meta":{"desktop":{"background-color":"var(--ast-global-color-5)","background-image":"","background-repeat":"repeat","background-position":"center center","background-size":"auto","background-attachment":"scroll","background-type":"","background-media":"","overlay-type":"","overlay-color":"","overlay-opacity":"","overlay-gradient":""},"tablet":{"background-color":"var(--ast-global-color-5)","background-image":"","background-repeat":"repeat","background-position":"center center","background-size":"auto","background-attachment":"scroll","background-type":"","background-media":"","overlay-type":"","overlay-color":"","overlay-opacity":"","overlay-gradient":""},"mobile":{"background-color":"var(--ast-global-color-5)","background-image":"","background-repeat":"repeat","background-position":"center center","background-size":"auto","background-attachment":"scroll","background-type":"","background-media":"","overlay-type":"","overlay-color":"","overlay-opacity":"","overlay-gradient":""}},"footnotes":""},"class_list":["post-2323","page","type-page","status-publish","hentry"],"_hostinger_reach_plugin_has_subscription_block":false,"_hostinger_reach_plugin_is_elementor":false,"uagb_featured_image_src":{"full":false,"thumbnail":false,"medium":false,"medium_large":false,"large":false,"1536x1536":false,"2048x2048":false,"trp-custom-language-flag":false},"uagb_author_info":{"display_name":"soymanueladesuiza@hotmail.com","author_link":"https:\/\/soymanuelatravel.com\/es\/author\/soymanueladesuizahotmail-com\/"},"uagb_comment_info":0,"uagb_excerpt":"Solo reisen. Echt erleben. Dein Reiseblog \u2013 echte Erfahrungen, Solo\u2011Travel und farbenfrohe Geschichten aus Lateinamerika &amp; der Welt. Zu den neuesten Beitr\u00e4gen \u00dcber mich\u00a0 Kurz \u00fcber mich Hi, ich bin Manuela \u2013 Schweizerin, Content-Creatorin.Ich reise solo, liebe Str\u00e4nde, Surfen und lokale Busabenteuer.Auf SoyManuelaTravel bekommst du ehrliche Tipps, Kosten\u00fcbersichten, Routen und Videos \u2013damit deine Reise einfacher&hellip;","_links":{"self":[{"href":"https:\/\/soymanuelatravel.com\/es\/wp-json\/wp\/v2\/pages\/2323","targetHints":{"allow":["GET"]}}],"collection":[{"href":"https:\/\/soymanuelatravel.com\/es\/wp-json\/wp\/v2\/pages"}],"about":[{"href":"https:\/\/soymanuelatravel.com\/es\/wp-json\/wp\/v2\/types\/page"}],"author":[{"embeddable":true,"href":"https:\/\/soymanuelatravel.com\/es\/wp-json\/wp\/v2\/users\/1"}],"replies":[{"embeddable":true,"href":"https:\/\/soymanuelatravel.com\/es\/wp-json\/wp\/v2\/comments?post=2323"}],"version-history":[{"count":33,"href":"https:\/\/soymanuelatravel.com\/es\/wp-json\/wp\/v2\/pages\/2323\/revisions"}],"predecessor-version":[{"id":2846,"href":"https:\/\/soymanuelatravel.com\/es\/wp-json\/wp\/v2\/pages\/2323\/revisions\/2846"}],"wp:attachment":[{"href":"https:\/\/soymanuelatravel.com\/es\/wp-json\/wp\/v2\/media?parent=2323"}],"curies":[{"name":"wp","href":"https:\/\/api.w.org\/{rel}","templated":true}]}}