{"id":2633,"date":"2025-10-04T09:17:50","date_gmt":"2025-10-04T09:17:50","guid":{"rendered":"https:\/\/soymanuelatravel.com\/?page_id=2633"},"modified":"2025-10-05T13:35:50","modified_gmt":"2025-10-05T13:35:50","slug":"blog-elementor","status":"publish","type":"page","link":"https:\/\/soymanuelatravel.com\/es\/blog-elementor\/","title":{"rendered":"Blog Elementor"},"content":{"rendered":"<div data-elementor-type=\"wp-page\" data-elementor-id=\"2633\" class=\"elementor elementor-2633\">\n\t\t\t\t<div class=\"elementor-element elementor-element-fdbeaf0 e-flex e-con-boxed e-con e-parent\" data-id=\"fdbeaf0\" data-element_type=\"container\">\n\t\t\t\t\t<div class=\"e-con-inner\">\n\t\t\t\t<div class=\"elementor-element elementor-element-4d6054f elementor-grid-eael-col-4 elementor-grid-tablet-eael-col-2 elementor-grid-mobile-eael-col-1 elementor-widget elementor-widget-eael-post-grid\" data-id=\"4d6054f\" data-element_type=\"widget\" data-settings=\"{&quot;eael_post_grid_columns&quot;:&quot;eael-col-4&quot;,&quot;eael_post_grid_columns_tablet&quot;:&quot;eael-col-2&quot;,&quot;eael_post_grid_columns_mobile&quot;:&quot;eael-col-1&quot;}\" data-widget_type=\"eael-post-grid.default\">\n\t\t\t\t<div class=\"elementor-widget-container\">\n\t\t\t\t\t<div id=\"eael-post-grid-4d6054f\" class=\"eael-post-grid-container\">\n            <div class=\"eael-post-grid eael-post-appender eael-post-appender-4d6054f eael-post-grid-style-one\" data-layout-mode=\"masonry\"><article class=\"eael-grid-post eael-post-grid-column\" data-id=\"2692\">\n        <div class=\"eael-grid-post-holder\">\n            <div class=\"eael-grid-post-holder-inner\"><div class=\"eael-entry-media\"><div class=\"eael-entry-overlay fade-in\"><i class=\"fas fa-long-arrow-alt-right\" aria-hidden=\"true\"><\/i><a href=\"https:\/\/soymanuelatravel.com\/es\/lima-reise-erste-eindruecke\/\"><\/a><\/div><div class=\"eael-entry-thumbnail\">\n                <img fetchpriority=\"high\" decoding=\"async\" width=\"768\" height=\"403\" src=\"https:\/\/soymanuelatravel.com\/wp-content\/uploads\/2025\/10\/20250129_095047-scaled-e1760714800353-768x403.jpg\" class=\"attachment-medium_large size-medium_large wp-image-2693\" alt=\"Lima Bild\" srcset=\"https:\/\/soymanuelatravel.com\/wp-content\/uploads\/2025\/10\/20250129_095047-scaled-e1760714800353-768x403.jpg 768w, https:\/\/soymanuelatravel.com\/wp-content\/uploads\/2025\/10\/20250129_095047-scaled-e1760714800353-300x157.jpg 300w, https:\/\/soymanuelatravel.com\/wp-content\/uploads\/2025\/10\/20250129_095047-scaled-e1760714800353-1024x537.jpg 1024w, https:\/\/soymanuelatravel.com\/wp-content\/uploads\/2025\/10\/20250129_095047-scaled-e1760714800353.jpg 1440w\" sizes=\"(max-width: 768px) 100vw, 768px\" \/>\n            <\/div>\n        <\/div><div class=\"eael-entry-wrapper\"><header class=\"eael-entry-header\"><h3 class=\"eael-entry-title\"><a class=\"eael-grid-post-link\" href=\"https:\/\/soymanuelatravel.com\/es\/lima-reise-erste-eindruecke\/\" title=\"Lima: mis primeras impresiones del Per\u00fa\">Lima: mis primeras impresiones del Per\u00fa<\/a><\/h3><\/header><div class=\"eael-entry-content\">\n                        <div class=\"eael-grid-post-excerpt\"><p>Lima: mis primeras impresiones del Per\u00fa<\/p><a href=\"https:\/\/soymanuelatravel.com\/es\/lima-reise-erste-eindruecke\/\" class=\"eael-post-elements-readmore-btn\">Read More<\/a><\/div>\n                    <\/div><div class=\"eael-entry-footer\"><div class=\"eael-author-avatar\"><a href=\"https:\/\/soymanuelatravel.com\/es\/author\/soymanueladesuizahotmail-com\/\"><img alt='soymanueladesuiza@hotmail.com' src='https:\/\/secure.gravatar.com\/avatar\/4b5304942216fccabc26696eebd88ebffe92a78292e45c43ea36edda379417e2?s=96&#038;d=mm&#038;r=g' srcset='https:\/\/secure.gravatar.com\/avatar\/4b5304942216fccabc26696eebd88ebffe92a78292e45c43ea36edda379417e2?s=192&#038;d=mm&#038;r=g 2x' class='avatar avatar-96 photo' height='96' width='96' \/><\/a><\/div><div class=\"eael-entry-meta\"><span class=\"eael-posted-by\"><a href=\"https:\/\/soymanuelatravel.com\/es\/author\/soymanueladesuizahotmail-com\/\" title=\"Entradas de soymanueladesuiza@hotmail.com\" rel=\"author\">soymanueladesuiza@hotmail.com<\/a><\/span><span class=\"eael-posted-on\"><time datetime=\"5. octubre 2025\">5. octubre 2025<\/time><\/span><\/div><\/div><\/div><\/div>\n        <\/div>\n    <\/article><article class=\"eael-grid-post eael-post-grid-column\" data-id=\"2690\">\n        <div class=\"eael-grid-post-holder\">\n            <div class=\"eael-grid-post-holder-inner\"><div class=\"eael-entry-media\"><div class=\"eael-entry-overlay fade-in\"><i class=\"fas fa-long-arrow-alt-right\" aria-hidden=\"true\"><\/i><a href=\"https:\/\/soymanuelatravel.com\/es\/wandern-in-bariloche-patagonien\/\"><\/a><\/div><div class=\"eael-entry-thumbnail\">\n                <img decoding=\"async\" width=\"768\" height=\"403\" src=\"https:\/\/soymanuelatravel.com\/wp-content\/uploads\/2025\/08\/20250119_125634-scaled-e1760715019306-768x403.jpg\" class=\"attachment-medium_large size-medium_large wp-image-2629\" alt=\"Bild Refugio Frey\" srcset=\"https:\/\/soymanuelatravel.com\/wp-content\/uploads\/2025\/08\/20250119_125634-scaled-e1760715019306-768x403.jpg 768w, https:\/\/soymanuelatravel.com\/wp-content\/uploads\/2025\/08\/20250119_125634-scaled-e1760715019306-300x157.jpg 300w, https:\/\/soymanuelatravel.com\/wp-content\/uploads\/2025\/08\/20250119_125634-scaled-e1760715019306-1024x537.jpg 1024w, https:\/\/soymanuelatravel.com\/wp-content\/uploads\/2025\/08\/20250119_125634-scaled-e1760715019306.jpg 1440w\" sizes=\"(max-width: 768px) 100vw, 768px\" \/>\n            <\/div>\n        <\/div><div class=\"eael-entry-wrapper\"><header class=\"eael-entry-header\"><h3 class=\"eael-entry-title\"><a class=\"eael-grid-post-link\" href=\"https:\/\/soymanuelatravel.com\/es\/wandern-in-bariloche-patagonien\/\" title=\"Caminatas en Bariloche: monta\u00f1as y lagos\">Caminatas en Bariloche: monta\u00f1as y lagos<\/a><\/h3><\/header><div class=\"eael-entry-content\">\n                        <div class=\"eael-grid-post-excerpt\"><p>Caminatas en Bariloche: monta\u00f1as y lagos<\/p><a href=\"https:\/\/soymanuelatravel.com\/es\/wandern-in-bariloche-patagonien\/\" class=\"eael-post-elements-readmore-btn\">Read More<\/a><\/div>\n                    <\/div><div class=\"eael-entry-footer\"><div class=\"eael-author-avatar\"><a href=\"https:\/\/soymanuelatravel.com\/es\/author\/soymanueladesuizahotmail-com\/\"><img alt='soymanueladesuiza@hotmail.com' src='https:\/\/secure.gravatar.com\/avatar\/4b5304942216fccabc26696eebd88ebffe92a78292e45c43ea36edda379417e2?s=96&#038;d=mm&#038;r=g' srcset='https:\/\/secure.gravatar.com\/avatar\/4b5304942216fccabc26696eebd88ebffe92a78292e45c43ea36edda379417e2?s=192&#038;d=mm&#038;r=g 2x' class='avatar avatar-96 photo' height='96' width='96' \/><\/a><\/div><div class=\"eael-entry-meta\"><span class=\"eael-posted-by\"><a href=\"https:\/\/soymanuelatravel.com\/es\/author\/soymanueladesuizahotmail-com\/\" title=\"Entradas de soymanueladesuiza@hotmail.com\" rel=\"author\">soymanueladesuiza@hotmail.com<\/a><\/span><span class=\"eael-posted-on\"><time datetime=\"5. octubre 2025\">5. octubre 2025<\/time><\/span><\/div><\/div><\/div><\/div>\n        <\/div>\n    <\/article><article class=\"eael-grid-post eael-post-grid-column\" data-id=\"2760\">\n        <div class=\"eael-grid-post-holder\">\n            <div class=\"eael-grid-post-holder-inner\"><div class=\"eael-entry-media\"><div class=\"eael-entry-overlay fade-in\"><i class=\"fas fa-long-arrow-alt-right\" aria-hidden=\"true\"><\/i><a href=\"https:\/\/soymanuelatravel.com\/es\/surfen-argentinien-mirmar-quequen\/\"><\/a><\/div><div class=\"eael-entry-thumbnail\">\n                <img decoding=\"async\" width=\"768\" height=\"403\" src=\"https:\/\/soymanuelatravel.com\/wp-content\/uploads\/2025\/08\/Quequen-e1760715150754-768x403.jpg\" class=\"attachment-medium_large size-medium_large wp-image-2587\" alt=\"Bild Quequen\" srcset=\"https:\/\/soymanuelatravel.com\/wp-content\/uploads\/2025\/08\/Quequen-e1760715150754-768x403.jpg 768w, https:\/\/soymanuelatravel.com\/wp-content\/uploads\/2025\/08\/Quequen-e1760715150754-300x158.jpg 300w, https:\/\/soymanuelatravel.com\/wp-content\/uploads\/2025\/08\/Quequen-e1760715150754-1024x538.jpg 1024w, https:\/\/soymanuelatravel.com\/wp-content\/uploads\/2025\/08\/Quequen-e1760715150754.jpg 1200w\" sizes=\"(max-width: 768px) 100vw, 768px\" \/>\n            <\/div>\n        <\/div><div class=\"eael-entry-wrapper\"><header class=\"eael-entry-header\"><h3 class=\"eael-entry-title\"><a class=\"eael-grid-post-link\" href=\"https:\/\/soymanuelatravel.com\/es\/surfen-argentinien-mirmar-quequen\/\" title=\"Surfen in Argentinien \u2013 Mein Surftrip nach Mar del Plata, Miramar &amp; Quequ\u00e9n\">Surf en Argentina \u2013 Mi viaje de surf por Mar del Plata, Miramar y Quequ\u00e9n<\/a><\/h3><\/header><div class=\"eael-entry-content\">\n                        <div class=\"eael-grid-post-excerpt\"><p>Despu\u00e9s de mis emocionantes primeros d\u00edas en Buenos Aires, sent\u00ed<\/p><a href=\"https:\/\/soymanuelatravel.com\/es\/surfen-argentinien-mirmar-quequen\/\" class=\"eael-post-elements-readmore-btn\">Read More<\/a><\/div>\n                    <\/div><div class=\"eael-entry-footer\"><div class=\"eael-author-avatar\"><a href=\"https:\/\/soymanuelatravel.com\/es\/author\/soymanueladesuizahotmail-com\/\"><img alt='soymanueladesuiza@hotmail.com' src='https:\/\/secure.gravatar.com\/avatar\/4b5304942216fccabc26696eebd88ebffe92a78292e45c43ea36edda379417e2?s=96&#038;d=mm&#038;r=g' srcset='https:\/\/secure.gravatar.com\/avatar\/4b5304942216fccabc26696eebd88ebffe92a78292e45c43ea36edda379417e2?s=192&#038;d=mm&#038;r=g 2x' class='avatar avatar-96 photo' height='96' width='96' \/><\/a><\/div><div class=\"eael-entry-meta\"><span class=\"eael-posted-by\"><a href=\"https:\/\/soymanuelatravel.com\/es\/author\/soymanueladesuizahotmail-com\/\" title=\"Entradas de soymanueladesuiza@hotmail.com\" rel=\"author\">soymanueladesuiza@hotmail.com<\/a><\/span><span class=\"eael-posted-on\"><time datetime=\"3. octubre 2025\">3. octubre 2025<\/time><\/span><\/div><\/div><\/div><\/div>\n        <\/div>\n    <\/article><article class=\"eael-grid-post eael-post-grid-column\" data-id=\"2683\">\n        <div class=\"eael-grid-post-holder\">\n            <div class=\"eael-grid-post-holder-inner\"><div class=\"eael-entry-media\"><div class=\"eael-entry-overlay fade-in\"><i class=\"fas fa-long-arrow-alt-right\" aria-hidden=\"true\"><\/i><a href=\"https:\/\/soymanuelatravel.com\/es\/buenos-aires-reise\/\"><\/a><\/div><div class=\"eael-entry-thumbnail\">\n                <img loading=\"lazy\" decoding=\"async\" width=\"768\" height=\"403\" src=\"https:\/\/soymanuelatravel.com\/wp-content\/uploads\/2025\/09\/IMG-20250101-WA0056-e1760715324214-768x403.jpg\" class=\"attachment-medium_large size-medium_large wp-image-2570\" alt=\"Bild Buenos Aires\" srcset=\"https:\/\/soymanuelatravel.com\/wp-content\/uploads\/2025\/09\/IMG-20250101-WA0056-e1760715324214-768x403.jpg 768w, https:\/\/soymanuelatravel.com\/wp-content\/uploads\/2025\/09\/IMG-20250101-WA0056-e1760715324214-300x158.jpg 300w, https:\/\/soymanuelatravel.com\/wp-content\/uploads\/2025\/09\/IMG-20250101-WA0056-e1760715324214-1024x538.jpg 1024w, https:\/\/soymanuelatravel.com\/wp-content\/uploads\/2025\/09\/IMG-20250101-WA0056-e1760715324214.jpg 1200w\" sizes=\"(max-width: 768px) 100vw, 768px\" \/>\n            <\/div>\n        <\/div><div class=\"eael-entry-wrapper\"><header class=\"eael-entry-header\"><h3 class=\"eael-entry-title\"><a class=\"eael-grid-post-link\" href=\"https:\/\/soymanuelatravel.com\/es\/buenos-aires-reise\/\" title=\"Buenos Aires \u2013 dando comienzo a mi viaje de 6 meses\">Buenos Aires \u2013 dando comienzo a mi viaje de 6 meses<\/a><\/h3><\/header><div class=\"eael-entry-content\">\n                        <div class=\"eael-grid-post-excerpt\"><p>Buenos Aires \u2013 el comienzo de mi viaje de 6 meses. Cuando yo\u2026<\/p><a href=\"https:\/\/soymanuelatravel.com\/es\/buenos-aires-reise\/\" class=\"eael-post-elements-readmore-btn\">Read More<\/a><\/div>\n                    <\/div><div class=\"eael-entry-footer\"><div class=\"eael-author-avatar\"><a href=\"https:\/\/soymanuelatravel.com\/es\/author\/soymanueladesuizahotmail-com\/\"><img alt='soymanueladesuiza@hotmail.com' src='https:\/\/secure.gravatar.com\/avatar\/4b5304942216fccabc26696eebd88ebffe92a78292e45c43ea36edda379417e2?s=96&#038;d=mm&#038;r=g' srcset='https:\/\/secure.gravatar.com\/avatar\/4b5304942216fccabc26696eebd88ebffe92a78292e45c43ea36edda379417e2?s=192&#038;d=mm&#038;r=g 2x' class='avatar avatar-96 photo' height='96' width='96' \/><\/a><\/div><div class=\"eael-entry-meta\"><span class=\"eael-posted-by\"><a href=\"https:\/\/soymanuelatravel.com\/es\/author\/soymanueladesuizahotmail-com\/\" title=\"Entradas de soymanueladesuiza@hotmail.com\" rel=\"author\">soymanueladesuiza@hotmail.com<\/a><\/span><span class=\"eael-posted-on\"><time datetime=\"1. octubre 2025\">1. octubre 2025<\/time><\/span><\/div><\/div><\/div><\/div>\n        <\/div>\n    <\/article><\/div>\n            <div class=\"clearfix\"><\/div>\n        <\/div>\t\t\t\t<\/div>\n\t\t\t\t<\/div>\n\t\t\t\t\t<\/div>\n\t\t\t\t<\/div>\n\t\t\t\t<\/div>","protected":false},"excerpt":{"rendered":"<p>Lima \u2013 meine ersten Eindr\u00fccke in Peru Lima \u2013 meine ersten Eindr\u00fccke in Peru Nach Argentinien f\u00fchrte&#8230; Read More soymanueladesuiza@hotmail.com5. Oktober 2025 Bariloche \u2013 Wandern zwischen Bergen und Seen Bariloche \u2013 Wandern zwischen Bergen und Seen Von Buenos Aires&#8230; Read More soymanueladesuiza@hotmail.com5. Oktober 2025 Surfen an der argentinischen K\u00fcste \u2013 Mar del Plata, Miramar &amp; [&hellip;]<\/p>","protected":false},"author":1,"featured_media":0,"parent":0,"menu_order":0,"comment_status":"closed","ping_status":"closed","template":"","meta":{"_eb_attr":"","_uag_custom_page_level_css":"","site-sidebar-layout":"no-sidebar","site-content-layout":"page-builder","ast-site-content-layout":"full-width-container","site-content-style":"default","site-sidebar-style":"default","ast-global-header-display":"","ast-banner-title-visibility":"","ast-main-header-display":"","ast-hfb-above-header-display":"","ast-hfb-below-header-display":"","ast-hfb-mobile-header-display":"","site-post-title":"disabled","ast-breadcrumbs-content":"","ast-featured-img":"disabled","footer-sml-layout":"","theme-transparent-header-meta":"","adv-header-id-meta":"","stick-header-meta":"","header-above-stick-meta":"","header-main-stick-meta":"","header-below-stick-meta":"","astra-migrate-meta-layouts":"default","ast-page-background-enabled":"default","ast-page-background-meta":{"desktop":{"background-color":"","background-image":"","background-repeat":"repeat","background-position":"center center","background-size":"auto","background-attachment":"scroll","background-type":"","background-media":"","overlay-type":"","overlay-color":"","overlay-opacity":"","overlay-gradient":""},"tablet":{"background-color":"","background-image":"","background-repeat":"repeat","background-position":"center center","background-size":"auto","background-attachment":"scroll","background-type":"","background-media":"","overlay-type":"","overlay-color":"","overlay-opacity":"","overlay-gradient":""},"mobile":{"background-color":"","background-image":"","background-repeat":"repeat","background-position":"center center","background-size":"auto","background-attachment":"scroll","background-type":"","background-media":"","overlay-type":"","overlay-color":"","overlay-opacity":"","overlay-gradient":""}},"ast-content-background-meta":{"desktop":{"background-color":"var(--ast-global-color-5)","background-image":"","background-repeat":"repeat","background-position":"center center","background-size":"auto","background-attachment":"scroll","background-type":"","background-media":"","overlay-type":"","overlay-color":"","overlay-opacity":"","overlay-gradient":""},"tablet":{"background-color":"var(--ast-global-color-5)","background-image":"","background-repeat":"repeat","background-position":"center center","background-size":"auto","background-attachment":"scroll","background-type":"","background-media":"","overlay-type":"","overlay-color":"","overlay-opacity":"","overlay-gradient":""},"mobile":{"background-color":"var(--ast-global-color-5)","background-image":"","background-repeat":"repeat","background-position":"center center","background-size":"auto","background-attachment":"scroll","background-type":"","background-media":"","overlay-type":"","overlay-color":"","overlay-opacity":"","overlay-gradient":""}},"footnotes":""},"class_list":["post-2633","page","type-page","status-publish","hentry"],"_hostinger_reach_plugin_has_subscription_block":false,"_hostinger_reach_plugin_is_elementor":false,"uagb_featured_image_src":{"full":false,"thumbnail":false,"medium":false,"medium_large":false,"large":false,"1536x1536":false,"2048x2048":false,"trp-custom-language-flag":false},"uagb_author_info":{"display_name":"soymanueladesuiza@hotmail.com","author_link":"https:\/\/soymanuelatravel.com\/es\/author\/soymanueladesuizahotmail-com\/"},"uagb_comment_info":0,"uagb_excerpt":"Lima \u2013 meine ersten Eindr\u00fccke in Peru Lima \u2013 meine ersten Eindr\u00fccke in Peru Nach Argentinien f\u00fchrte&#8230; Read More soymanueladesuiza@hotmail.com5. Oktober 2025 Bariloche \u2013 Wandern zwischen Bergen und Seen Bariloche \u2013 Wandern zwischen Bergen und Seen Von Buenos Aires&#8230; Read More soymanueladesuiza@hotmail.com5. Oktober 2025 Surfen an der argentinischen K\u00fcste \u2013 Mar del Plata, Miramar &amp;&hellip;","_links":{"self":[{"href":"https:\/\/soymanuelatravel.com\/es\/wp-json\/wp\/v2\/pages\/2633","targetHints":{"allow":["GET"]}}],"collection":[{"href":"https:\/\/soymanuelatravel.com\/es\/wp-json\/wp\/v2\/pages"}],"about":[{"href":"https:\/\/soymanuelatravel.com\/es\/wp-json\/wp\/v2\/types\/page"}],"author":[{"embeddable":true,"href":"https:\/\/soymanuelatravel.com\/es\/wp-json\/wp\/v2\/users\/1"}],"replies":[{"embeddable":true,"href":"https:\/\/soymanuelatravel.com\/es\/wp-json\/wp\/v2\/comments?post=2633"}],"version-history":[{"count":0,"href":"https:\/\/soymanuelatravel.com\/es\/wp-json\/wp\/v2\/pages\/2633\/revisions"}],"wp:attachment":[{"href":"https:\/\/soymanuelatravel.com\/es\/wp-json\/wp\/v2\/media?parent=2633"}],"curies":[{"name":"wp","href":"https:\/\/api.w.org\/{rel}","templated":true}]}}