{"id":2740,"date":"2025-10-12T19:02:28","date_gmt":"2025-10-12T19:02:28","guid":{"rendered":"https:\/\/soymanuelatravel.com\/?page_id=2740"},"modified":"2025-10-31T16:35:35","modified_gmt":"2025-10-31T16:35:35","slug":"impressum","status":"publish","type":"page","link":"https:\/\/soymanuelatravel.com\/es\/impressum\/","title":{"rendered":"Aviso legal"},"content":{"rendered":"<p><strong>Impressum (Schweiz)<\/strong><\/p>\n\n\n\n<p>Angaben gem\u00e4ss \u00a75 TMG \/ Schweizer Recht:<br>Verantwortlich f\u00fcr den Inhalt dieser Website:<br><strong>Manuela Stutz<\/strong><br>6010 Kriens<br>Schweiz<br>E-Mail: <a>info@soymanuelatravel.com<\/a><\/p>\n\n\n\n<p>Hinweis zu Affiliate-Links:<br>Auf dieser Website werden Affiliate-Links verwendet. Wenn du \u00fcber diese Links buchst oder einkaufst, erhalte ich eine kleine Provision. F\u00fcr dich entstehen dabei keine zus\u00e4tzlichen Kosten.<\/p>\n\n\n\n<p>Haftung f\u00fcr Inhalte:<br>Die Inhalte dieser Website wurden sorgf\u00e4ltig gepr\u00fcft. F\u00fcr die Richtigkeit, Vollst\u00e4ndigkeit und Aktualit\u00e4t der Inhalte kann jedoch keine Haftung \u00fcbernommen werden.<\/p>","protected":false},"excerpt":{"rendered":"<p>Impressum (Schweiz) Angaben gem\u00e4ss \u00a75 TMG \/ Schweizer Recht:Verantwortlich f\u00fcr den Inhalt dieser Website:Manuela Stutz6010 KriensSchweizE-Mail: info@soymanuelatravel.com Hinweis zu Affiliate-Links:Auf dieser Website werden Affiliate-Links verwendet. Wenn du \u00fcber diese Links buchst oder einkaufst, erhalte ich eine kleine Provision. F\u00fcr dich entstehen dabei keine zus\u00e4tzlichen Kosten. Haftung f\u00fcr Inhalte:Die Inhalte dieser Website wurden sorgf\u00e4ltig gepr\u00fcft. F\u00fcr [&hellip;]<\/p>","protected":false},"author":1,"featured_media":0,"parent":0,"menu_order":0,"comment_status":"closed","ping_status":"closed","template":"","meta":{"_eb_attr":"","_uag_custom_page_level_css":"","site-sidebar-layout":"default","site-content-layout":"","ast-site-content-layout":"default","site-content-style":"default","site-sidebar-style":"default","ast-global-header-display":"","ast-banner-title-visibility":"","ast-main-header-display":"","ast-hfb-above-header-display":"","ast-hfb-below-header-display":"","ast-hfb-mobile-header-display":"","site-post-title":"","ast-breadcrumbs-content":"","ast-featured-img":"","footer-sml-layout":"","theme-transparent-header-meta":"","adv-header-id-meta":"","stick-header-meta":"","header-above-stick-meta":"","header-main-stick-meta":"","header-below-stick-meta":"","astra-migrate-meta-layouts":"set","ast-page-background-enabled":"default","ast-page-background-meta":{"desktop":{"background-color":"","background-image":"","background-repeat":"repeat","background-position":"center center","background-size":"auto","background-attachment":"scroll","background-type":"","background-media":"","overlay-type":"","overlay-color":"","overlay-opacity":"","overlay-gradient":""},"tablet":{"background-color":"","background-image":"","background-repeat":"repeat","background-position":"center center","background-size":"auto","background-attachment":"scroll","background-type":"","background-media":"","overlay-type":"","overlay-color":"","overlay-opacity":"","overlay-gradient":""},"mobile":{"background-color":"","background-image":"","background-repeat":"repeat","background-position":"center center","background-size":"auto","background-attachment":"scroll","background-type":"","background-media":"","overlay-type":"","overlay-color":"","overlay-opacity":"","overlay-gradient":""}},"ast-content-background-meta":{"desktop":{"background-color":"var(--ast-global-color-5)","background-image":"","background-repeat":"repeat","background-position":"center center","background-size":"auto","background-attachment":"scroll","background-type":"","background-media":"","overlay-type":"","overlay-color":"","overlay-opacity":"","overlay-gradient":""},"tablet":{"background-color":"var(--ast-global-color-5)","background-image":"","background-repeat":"repeat","background-position":"center center","background-size":"auto","background-attachment":"scroll","background-type":"","background-media":"","overlay-type":"","overlay-color":"","overlay-opacity":"","overlay-gradient":""},"mobile":{"background-color":"var(--ast-global-color-5)","background-image":"","background-repeat":"repeat","background-position":"center center","background-size":"auto","background-attachment":"scroll","background-type":"","background-media":"","overlay-type":"","overlay-color":"","overlay-opacity":"","overlay-gradient":""}},"footnotes":""},"class_list":["post-2740","page","type-page","status-publish","hentry"],"_hostinger_reach_plugin_has_subscription_block":false,"_hostinger_reach_plugin_is_elementor":false,"uagb_featured_image_src":{"full":false,"thumbnail":false,"medium":false,"medium_large":false,"large":false,"1536x1536":false,"2048x2048":false,"trp-custom-language-flag":false},"uagb_author_info":{"display_name":"soymanueladesuiza@hotmail.com","author_link":"https:\/\/soymanuelatravel.com\/es\/author\/soymanueladesuizahotmail-com\/"},"uagb_comment_info":0,"uagb_excerpt":"Impressum (Schweiz) Angaben gem\u00e4ss \u00a75 TMG \/ Schweizer Recht:Verantwortlich f\u00fcr den Inhalt dieser Website:Manuela Stutz6010 KriensSchweizE-Mail: info@soymanuelatravel.com Hinweis zu Affiliate-Links:Auf dieser Website werden Affiliate-Links verwendet. Wenn du \u00fcber diese Links buchst oder einkaufst, erhalte ich eine kleine Provision. F\u00fcr dich entstehen dabei keine zus\u00e4tzlichen Kosten. Haftung f\u00fcr Inhalte:Die Inhalte dieser Website wurden sorgf\u00e4ltig gepr\u00fcft. F\u00fcr&hellip;","_links":{"self":[{"href":"https:\/\/soymanuelatravel.com\/es\/wp-json\/wp\/v2\/pages\/2740","targetHints":{"allow":["GET"]}}],"collection":[{"href":"https:\/\/soymanuelatravel.com\/es\/wp-json\/wp\/v2\/pages"}],"about":[{"href":"https:\/\/soymanuelatravel.com\/es\/wp-json\/wp\/v2\/types\/page"}],"author":[{"embeddable":true,"href":"https:\/\/soymanuelatravel.com\/es\/wp-json\/wp\/v2\/users\/1"}],"replies":[{"embeddable":true,"href":"https:\/\/soymanuelatravel.com\/es\/wp-json\/wp\/v2\/comments?post=2740"}],"version-history":[{"count":3,"href":"https:\/\/soymanuelatravel.com\/es\/wp-json\/wp\/v2\/pages\/2740\/revisions"}],"predecessor-version":[{"id":2827,"href":"https:\/\/soymanuelatravel.com\/es\/wp-json\/wp\/v2\/pages\/2740\/revisions\/2827"}],"wp:attachment":[{"href":"https:\/\/soymanuelatravel.com\/es\/wp-json\/wp\/v2\/media?parent=2740"}],"curies":[{"name":"wp","href":"https:\/\/api.w.org\/{rel}","templated":true}]}}